{"id":1055,"date":"2025-10-04T07:38:41","date_gmt":"2025-10-04T05:38:41","guid":{"rendered":"https:\/\/dmotechnic.be\/?page_id=1055"},"modified":"2025-10-04T09:45:56","modified_gmt":"2025-10-04T07:45:56","slug":"presentation-facturation-electronique","status":"publish","type":"page","link":"https:\/\/dmotechnic.be\/index.php\/presentation-facturation-electronique\/","title":{"rendered":"Pr\u00e9sentation facturation \u00e9lectronique"},"content":{"rendered":"\n<p><strong>Pr\u00e9sentation en Teams : La facturation \u00e9lectronique en Belgique \u2013 Ce qui change en 2026<\/strong><\/p>\n\n\n\n<p>D\u00e8s le <strong>1er janvier 2026<\/strong>, toutes les entreprises belges assujetties \u00e0 la TVA devront \u00e9mettre et recevoir leurs factures B2B sous format \u00e9lectronique structur\u00e9, via le r\u00e9seau s\u00e9curis\u00e9 <strong>PEPPOL<\/strong>. Cette r\u00e9forme vise \u00e0 moderniser les \u00e9changes commerciaux, automatiser les processus comptables et renforcer la lutte contre la fraude fiscale.<\/p>\n\n\n\n<p>Lors de nos sessions Teams gratuites, nous vous pr\u00e9senterons les nouvelles obligations l\u00e9gales, les impacts concrets pour votre activit\u00e9 ou votre entreprise, et les solutions pour une transition fluide.<\/p>\n\n\n\n<p>Nous mettrons \u00e9galement en lumi\u00e8re <strong>Flexina<\/strong> facturation, un logiciel belge de facturation \u00e9lectronique reconnu pour sa simplicit\u00e9, sa conformit\u00e9 PEPPOL et ses fonctionnalit\u00e9s avanc\u00e9es. Que vous soyez ind\u00e9pendant ou PME, <strong>Flexina<\/strong> vous permet de g\u00e9rer vos devis, factures, paiements et relances en toute s\u00e9curit\u00e9, avec une int\u00e9gration compl\u00e8te au r\u00e9seau PEPPOL.<\/p>\n\n\n\n<p>\ud83d\udc49 <strong>Inscrivez-vous d\u00e8s maintenant via le formulaire ci-dessous pour r\u00e9server votre place.<\/strong><\/p>\n\n\n<style id=\"wpforms-css-vars-1042-block-aacdb62c-eaf3-4f28-92fc-5d9dae673a07\">\n\t\t\t\t#wpforms-1042.wpforms-block-aacdb62c-eaf3-4f28-92fc-5d9dae673a07 {\n\t\t\t\t--wpforms-field-size-input-height: 43px;\n--wpforms-field-size-input-spacing: 15px;\n--wpforms-field-size-font-size: 16px;\n--wpforms-field-size-line-height: 19px;\n--wpforms-field-size-padding-h: 14px;\n--wpforms-field-size-checkbox-size: 16px;\n--wpforms-field-size-sublabel-spacing: 5px;\n--wpforms-field-size-icon-size: 1;\n--wpforms-label-size-font-size: 16px;\n--wpforms-label-size-line-height: 19px;\n--wpforms-label-size-sublabel-font-size: 14px;\n--wpforms-label-size-sublabel-line-height: 17px;\n--wpforms-button-size-font-size: 17px;\n--wpforms-button-size-height: 41px;\n--wpforms-button-size-padding-h: 15px;\n--wpforms-button-size-margin-top: 10px;\n--wpforms-container-shadow-size-box-shadow: none;\n\t\t\t}\n\t\t\t<\/style><div class=\"wpforms-container wpforms-container-full wpforms-block wpforms-block-aacdb62c-eaf3-4f28-92fc-5d9dae673a07 wpforms-render-modern\" id=\"wpforms-1042\"><form id=\"wpforms-form-1042\" class=\"wpforms-validate wpforms-form wpforms-ajax-form\" data-formid=\"1042\" method=\"post\" enctype=\"multipart\/form-data\" action=\"\/index.php\/wp-json\/wp\/v2\/pages\/1055\" data-token=\"ea588b2f3da0fb14cd1f5cbb04314115\" data-token-time=\"1776768421\"><noscript class=\"wpforms-error-noscript\">Please enable JavaScript in your browser to complete this form.<\/noscript><div id=\"wpforms-error-noscript\" style=\"display: none;\">Please enable JavaScript in your browser to complete this form.<\/div><div class=\"wpforms-field-container\"><div id=\"wpforms-1042-field_9-container\" class=\"wpforms-field wpforms-field-radio\" data-field-id=\"9\"><fieldset><legend class=\"wpforms-field-label\">Dates libres <span class=\"wpforms-required-label\" aria-hidden=\"true\">*<\/span><\/legend><ul id=\"wpforms-1042-field_9\" class=\"wpforms-field-required\"><li class=\"choice-1 depth-1 wpforms-selected\"><input type=\"radio\" id=\"wpforms-1042-field_9_1\" name=\"wpforms[fields][9]\" value=\"16\/10\/2025 - 09h00\" aria-errormessage=\"wpforms-1042-field_9_1-error\" required  checked='checked'><label class=\"wpforms-field-label-inline\" for=\"wpforms-1042-field_9_1\">16\/10\/2025 &#8211; 09h00<\/label><\/li><li class=\"choice-2 depth-1\"><input type=\"radio\" id=\"wpforms-1042-field_9_2\" name=\"wpforms[fields][9]\" value=\"23\/10\/2025 - 09h00\" aria-errormessage=\"wpforms-1042-field_9_2-error\" required ><label class=\"wpforms-field-label-inline\" for=\"wpforms-1042-field_9_2\">23\/10\/2025 &#8211; 09h00<\/label><\/li><\/ul><\/fieldset><\/div><div id=\"wpforms-1042-field_2-container\" class=\"wpforms-field wpforms-field-text\" data-field-id=\"2\"><label class=\"wpforms-field-label\" for=\"wpforms-1042-field_2\">Entreprise ou Activit\u00e9 <span class=\"wpforms-required-label\" aria-hidden=\"true\">*<\/span><\/label><input type=\"text\" id=\"wpforms-1042-field_2\" class=\"wpforms-field-medium wpforms-field-required\" name=\"wpforms[fields][2]\" aria-errormessage=\"wpforms-1042-field_2-error\" required><\/div><div id=\"wpforms-1042-field_10-container\" class=\"wpforms-field wpforms-field-text\" data-field-id=\"10\"><label class=\"wpforms-field-label\" for=\"wpforms-1042-field_10\">Br\u00e8ve description de votre secteur d&#039;activit\u00e9<\/label><input type=\"text\" id=\"wpforms-1042-field_10\" class=\"wpforms-field-medium\" name=\"wpforms[fields][10]\" aria-errormessage=\"wpforms-1042-field_10-error\" ><\/div>\t\t<div id=\"wpforms-1042-field_4-container\"\n\t\t\tclass=\"wpforms-field wpforms-field-text\"\n\t\t\tdata-field-type=\"text\"\n\t\t\tdata-field-id=\"4\"\n\t\t\t>\n\t\t\t<label class=\"wpforms-field-label\" for=\"wpforms-1042-field_4\" >Activit\u00e9 votre \u00e9ventuelles<\/label>\n\t\t\t<input type=\"text\" id=\"wpforms-1042-field_4\" class=\"wpforms-field-medium\" name=\"wpforms[fields][4]\" >\n\t\t<\/div>\n\t\t<div id=\"wpforms-1042-field_1-container\" class=\"wpforms-field wpforms-field-name\" data-field-id=\"1\"><fieldset><legend class=\"wpforms-field-label\">Coordonn\u00e9es <span class=\"wpforms-required-label\" aria-hidden=\"true\">*<\/span><\/legend><div class=\"wpforms-field-row wpforms-field-medium\"><div class=\"wpforms-field-row-block wpforms-first wpforms-one-half\"><input type=\"text\" id=\"wpforms-1042-field_1\" class=\"wpforms-field-name-first wpforms-field-required\" name=\"wpforms[fields][1][first]\" placeholder=\"Pr\u00e9nom\" aria-errormessage=\"wpforms-1042-field_1-error\" required><label for=\"wpforms-1042-field_1\" class=\"wpforms-field-sublabel after\">First<\/label><\/div><div class=\"wpforms-field-row-block wpforms-one-half\"><input type=\"text\" id=\"wpforms-1042-field_1-last\" class=\"wpforms-field-name-last wpforms-field-required\" name=\"wpforms[fields][1][last]\" placeholder=\"Nom de famille\" aria-errormessage=\"wpforms-1042-field_1-last-error\" required><label for=\"wpforms-1042-field_1-last\" class=\"wpforms-field-sublabel after\">Last<\/label><\/div><\/div><\/fieldset><\/div><div id=\"wpforms-1042-field_3-container\" class=\"wpforms-field wpforms-field-email\" data-field-id=\"3\"><label class=\"wpforms-field-label\" for=\"wpforms-1042-field_3\">Email <span class=\"wpforms-required-label\" aria-hidden=\"true\">*<\/span><\/label><input type=\"email\" id=\"wpforms-1042-field_3\" class=\"wpforms-field-medium wpforms-field-required\" name=\"wpforms[fields][3]\" spellcheck=\"false\" aria-errormessage=\"wpforms-1042-field_3-error\" required><\/div><div id=\"wpforms-1042-field_8-container\" class=\"wpforms-field wpforms-field-text\" data-field-id=\"8\"><label class=\"wpforms-field-label\" for=\"wpforms-1042-field_8\">Remarques \u00e9ventuelles<\/label><input type=\"text\" id=\"wpforms-1042-field_8\" class=\"wpforms-field-medium\" name=\"wpforms[fields][8]\" aria-errormessage=\"wpforms-1042-field_8-error\" ><\/div><script>\n\t\t\t\t( function() {\n\t\t\t\t\tconst style = document.createElement( 'style' );\n\t\t\t\t\tstyle.appendChild( document.createTextNode( '#wpforms-1042-field_4-container { position: absolute !important; overflow: hidden !important; display: inline !important; height: 1px !important; width: 1px !important; z-index: -1000 !important; padding: 0 !important; } #wpforms-1042-field_4-container input { visibility: hidden; } #wpforms-conversational-form-page #wpforms-1042-field_4-container label { counter-increment: none; }' ) );\n\t\t\t\t\tdocument.head.appendChild( style );\n\t\t\t\t\tdocument.currentScript?.remove();\n\t\t\t\t} )();\n\t\t\t<\/script><\/div><!-- .wpforms-field-container --><div class=\"wpforms-submit-container\" ><input type=\"hidden\" name=\"wpforms[id]\" value=\"1042\"><input type=\"hidden\" name=\"page_title\" value=\"\"><input type=\"hidden\" name=\"page_url\" value=\"https:\/\/dmotechnic.be\/index.php\/wp-json\/wp\/v2\/pages\/1055\"><input type=\"hidden\" name=\"url_referer\" value=\"\"><button type=\"submit\" name=\"wpforms[submit]\" id=\"wpforms-submit-1042\" class=\"wpforms-submit\" data-alt-text=\"Sending...\" data-submit-text=\"Submit\" aria-live=\"assertive\" value=\"wpforms-submit\">Submit<\/button><img loading=\"lazy\" decoding=\"async\" src=\"https:\/\/dmotechnic.be\/wp-content\/plugins\/wpforms\/assets\/images\/submit-spin.svg\" class=\"wpforms-submit-spinner\" style=\"display: none;\" width=\"26\" height=\"26\" alt=\"Loading\"><\/div><\/form><\/div>  <!-- .wpforms-container -->","protected":false},"excerpt":{"rendered":"<p>Pr\u00e9sentation en Teams : La facturation \u00e9lectronique en Belgique \u2013 Ce qui change en 2026 D\u00e8s le 1er janvier 2026, toutes les entreprises belges assujetties \u00e0 la TVA devront \u00e9mettre et recevoir leurs factures B2B sous format \u00e9lectronique structur\u00e9, via le r\u00e9seau s\u00e9curis\u00e9 PEPPOL. Cette r\u00e9forme vise \u00e0 moderniser les \u00e9changes commerciaux, automatiser les processus [&hellip;]<\/p>\n","protected":false},"author":1,"featured_media":0,"parent":0,"menu_order":0,"comment_status":"closed","ping_status":"closed","template":"","meta":{"footnotes":""},"class_list":["post-1055","page","type-page","status-publish","hentry"],"_links":{"self":[{"href":"https:\/\/dmotechnic.be\/index.php\/wp-json\/wp\/v2\/pages\/1055","targetHints":{"allow":["GET"]}}],"collection":[{"href":"https:\/\/dmotechnic.be\/index.php\/wp-json\/wp\/v2\/pages"}],"about":[{"href":"https:\/\/dmotechnic.be\/index.php\/wp-json\/wp\/v2\/types\/page"}],"author":[{"embeddable":true,"href":"https:\/\/dmotechnic.be\/index.php\/wp-json\/wp\/v2\/users\/1"}],"replies":[{"embeddable":true,"href":"https:\/\/dmotechnic.be\/index.php\/wp-json\/wp\/v2\/comments?post=1055"}],"version-history":[{"count":5,"href":"https:\/\/dmotechnic.be\/index.php\/wp-json\/wp\/v2\/pages\/1055\/revisions"}],"predecessor-version":[{"id":1075,"href":"https:\/\/dmotechnic.be\/index.php\/wp-json\/wp\/v2\/pages\/1055\/revisions\/1075"}],"wp:attachment":[{"href":"https:\/\/dmotechnic.be\/index.php\/wp-json\/wp\/v2\/media?parent=1055"}],"curies":[{"name":"wp","href":"https:\/\/api.w.org\/{rel}","templated":true}]}}