{"id":301,"date":"2021-09-06T09:11:59","date_gmt":"2021-09-06T07:11:59","guid":{"rendered":"http:\/\/dmotechnic.be\/?page_id=301"},"modified":"2021-09-06T09:13:04","modified_gmt":"2021-09-06T07:13:04","slug":"le-developpement-de-sites-web","status":"publish","type":"page","link":"https:\/\/dmotechnic.be\/index.php\/le-developpement-de-sites-web\/","title":{"rendered":"Le d\u00e9veloppement de Sites Web"},"content":{"rendered":"\n<p>Nous offrons la possibilit\u00e9 de d\u00e9velopper des sites Web simples et basiques.<\/p>\n\n\n\n<p><strong>D\u00e9veloppement sous <span class=\"has-inline-color has-colibri-color-1-color\">WORDPRESS<\/span><\/strong> : 42 % du Web repose sur WordPress. Davantage de blogueurs, PME, asbl, clubs sportifs, utilisent WordPress que toutes les autres options r\u00e9unies.<\/p>\n\n\n\n<p>Gr\u00e2ce \u00e0  <strong><span class=\"has-inline-color has-colibri-color-1-color\">WORDPRESS<\/span><\/strong> nous pouvons fournir l&#8217;essentiel d&#8217;un Site internet VITRINE qui met en valeur les produits et services de nos clients<\/p>\n","protected":false},"excerpt":{"rendered":"<p>Nous offrons la possibilit\u00e9 de d\u00e9velopper des sites Web simples et basiques. D\u00e9veloppement sous WORDPRESS : 42 % du Web repose sur WordPress. Davantage de blogueurs, PME, asbl, clubs sportifs, utilisent WordPress que toutes les autres options r\u00e9unies. Gr\u00e2ce \u00e0 WORDPRESS nous pouvons fournir l&#8217;essentiel d&#8217;un Site internet VITRINE qui met en valeur les produits [&hellip;]<\/p>\n","protected":false},"author":1,"featured_media":0,"parent":0,"menu_order":0,"comment_status":"closed","ping_status":"closed","template":"","meta":{"footnotes":""},"class_list":["post-301","page","type-page","status-publish","hentry"],"_links":{"self":[{"href":"https:\/\/dmotechnic.be\/index.php\/wp-json\/wp\/v2\/pages\/301","targetHints":{"allow":["GET"]}}],"collection":[{"href":"https:\/\/dmotechnic.be\/index.php\/wp-json\/wp\/v2\/pages"}],"about":[{"href":"https:\/\/dmotechnic.be\/index.php\/wp-json\/wp\/v2\/types\/page"}],"author":[{"embeddable":true,"href":"https:\/\/dmotechnic.be\/index.php\/wp-json\/wp\/v2\/users\/1"}],"replies":[{"embeddable":true,"href":"https:\/\/dmotechnic.be\/index.php\/wp-json\/wp\/v2\/comments?post=301"}],"version-history":[{"count":2,"href":"https:\/\/dmotechnic.be\/index.php\/wp-json\/wp\/v2\/pages\/301\/revisions"}],"predecessor-version":[{"id":310,"href":"https:\/\/dmotechnic.be\/index.php\/wp-json\/wp\/v2\/pages\/301\/revisions\/310"}],"wp:attachment":[{"href":"https:\/\/dmotechnic.be\/index.php\/wp-json\/wp\/v2\/media?parent=301"}],"curies":[{"name":"wp","href":"https:\/\/api.w.org\/{rel}","templated":true}]}}