{"id":311,"date":"2021-09-06T09:19:48","date_gmt":"2021-09-06T07:19:48","guid":{"rendered":"http:\/\/dmotechnic.be\/?page_id=311"},"modified":"2021-09-11T07:26:33","modified_gmt":"2021-09-11T05:26:33","slug":"les-produits-informatiques","status":"publish","type":"page","link":"https:\/\/dmotechnic.be\/index.php\/les-produits-informatiques\/","title":{"rendered":"Les Produits Informatiques"},"content":{"rendered":"\n<p>Nous fournissons tous les produits informatiques bureautiques, disponibles dans la distribution professionnelle Belge.<\/p>\n\n\n\n<p>Ordinateurs, \u00e9crans, PC portables, imprimantes, consommables, produits r\u00e9seaux, fournitures de bureau, pi\u00e8ces d\u00e9tach\u00e9es, c\u00e2bles, etc &#8230;<\/p>\n\n\n\n<p>Sur simple demande vous pouvez rapidement recevoir une offre de prix pour un ou plusieurs produits au choix et en fonction de votre besoin.<\/p>\n\n\n\n<p>Les produits sont issus de la distribution et sont livrables par transporteur en fonction de l&#8217;\u00e9tat des stocks.<\/p>\n\n\n\n<p>Les livraisons se font les jours ouvr\u00e9s, entre 08h30 et 17h30<\/p>\n\n\n\n<p>Les clients peuvent aussi prendre possession des produits par enl\u00e8vement.<\/p>\n\n\n\n<div class=\"wp-block-buttons is-layout-flex wp-block-buttons-is-layout-flex\">\n<div class=\"wp-block-button\"><a class=\"wp-block-button__link\" href=\"https:\/\/dmotechnic.be\/index.php\/formulaire-de-demande\/\" target=\"_blank\" rel=\"noreferrer noopener\">Faire une demande<\/a><\/div>\n<\/div>\n\n\n\n<p><\/p>\n","protected":false},"excerpt":{"rendered":"<p>Nous fournissons tous les produits informatiques bureautiques, disponibles dans la distribution professionnelle Belge. Ordinateurs, \u00e9crans, PC portables, imprimantes, consommables, produits r\u00e9seaux, fournitures de bureau, pi\u00e8ces d\u00e9tach\u00e9es, c\u00e2bles, etc &#8230; Sur simple demande vous pouvez rapidement recevoir une offre de prix pour un ou plusieurs produits au choix et en fonction de votre besoin. Les produits [&hellip;]<\/p>\n","protected":false},"author":1,"featured_media":0,"parent":0,"menu_order":0,"comment_status":"closed","ping_status":"closed","template":"","meta":{"footnotes":""},"class_list":["post-311","page","type-page","status-publish","hentry"],"_links":{"self":[{"href":"https:\/\/dmotechnic.be\/index.php\/wp-json\/wp\/v2\/pages\/311","targetHints":{"allow":["GET"]}}],"collection":[{"href":"https:\/\/dmotechnic.be\/index.php\/wp-json\/wp\/v2\/pages"}],"about":[{"href":"https:\/\/dmotechnic.be\/index.php\/wp-json\/wp\/v2\/types\/page"}],"author":[{"embeddable":true,"href":"https:\/\/dmotechnic.be\/index.php\/wp-json\/wp\/v2\/users\/1"}],"replies":[{"embeddable":true,"href":"https:\/\/dmotechnic.be\/index.php\/wp-json\/wp\/v2\/comments?post=311"}],"version-history":[{"count":4,"href":"https:\/\/dmotechnic.be\/index.php\/wp-json\/wp\/v2\/pages\/311\/revisions"}],"predecessor-version":[{"id":802,"href":"https:\/\/dmotechnic.be\/index.php\/wp-json\/wp\/v2\/pages\/311\/revisions\/802"}],"wp:attachment":[{"href":"https:\/\/dmotechnic.be\/index.php\/wp-json\/wp\/v2\/media?parent=311"}],"curies":[{"name":"wp","href":"https:\/\/api.w.org\/{rel}","templated":true}]}}