{"id":539,"date":"2021-09-06T14:30:51","date_gmt":"2021-09-06T12:30:51","guid":{"rendered":"http:\/\/dmotechnic.be\/?page_id=539"},"modified":"2021-09-06T14:35:03","modified_gmt":"2021-09-06T12:35:03","slug":"produit-hp","status":"publish","type":"page","link":"https:\/\/dmotechnic.be\/index.php\/produit-hp\/","title":{"rendered":"Produit HP"},"content":{"rendered":"\n<p><img loading=\"lazy\" decoding=\"async\" width=\"150\" height=\"147\" class=\"wp-image-449\" style=\"width: 150px;\" src=\"http:\/\/dmotechnic.be\/wp-content\/uploads\/2021\/09\/cropped-logo-HP.png\" alt=\"\" srcset=\"https:\/\/dmotechnic.be\/wp-content\/uploads\/2021\/09\/cropped-logo-HP.png 1065w, https:\/\/dmotechnic.be\/wp-content\/uploads\/2021\/09\/cropped-logo-HP-300x294.png 300w, https:\/\/dmotechnic.be\/wp-content\/uploads\/2021\/09\/cropped-logo-HP-1024x1003.png 1024w, https:\/\/dmotechnic.be\/wp-content\/uploads\/2021\/09\/cropped-logo-HP-768x752.png 768w\" sizes=\"auto, (max-width: 150px) 100vw, 150px\" \/><\/p>\n\n\n\n<p>Face aux tendances ou d\u00e9veloppements sociaux tels que la g\u00e9n\u00e9ration Z au travail, la mobilit\u00e9 mais aussi le nombre croissant de burn-outs par exemple, les employeurs doivent chercher davantage \u00e0 offrir un lieu de travail \u2018moderne\u2019 \u00e0 leurs travailleurs. Ce lieu n\u2019est plus une table dans un bureau, mais un bureau \u00e0 domicile ou un bureau mobile.<\/p>\n\n\n\n<p>HP Offre non seulement l&#8217;essentiel au niveau des ordinateurs mais aussi au niveau des imprimantes et de leurs consommables.<\/p>\n\n\n\n<p>Souhaitez-vous une offre de prix ?<\/p>\n\n\n\n<div class=\"wp-block-buttons is-layout-flex wp-block-buttons-is-layout-flex\">\n<div class=\"wp-block-button\"><a class=\"wp-block-button__link\" href=\"https:\/\/dmotechnic.be\/index.php\/formulaire-de-demande-doffre-de-prix\/\">Offre de prix HP<\/a><\/div>\n<\/div>\n\n\n\n<p><\/p>\n","protected":false},"excerpt":{"rendered":"<p>Face aux tendances ou d\u00e9veloppements sociaux tels que la g\u00e9n\u00e9ration Z au travail, la mobilit\u00e9 mais aussi le nombre croissant de burn-outs par exemple, les employeurs doivent chercher davantage \u00e0 offrir un lieu de travail \u2018moderne\u2019 \u00e0 leurs travailleurs. Ce lieu n\u2019est plus une table dans un bureau, mais un bureau \u00e0 domicile ou un [&hellip;]<\/p>\n","protected":false},"author":1,"featured_media":0,"parent":0,"menu_order":0,"comment_status":"closed","ping_status":"closed","template":"","meta":{"footnotes":""},"class_list":["post-539","page","type-page","status-publish","hentry"],"_links":{"self":[{"href":"https:\/\/dmotechnic.be\/index.php\/wp-json\/wp\/v2\/pages\/539","targetHints":{"allow":["GET"]}}],"collection":[{"href":"https:\/\/dmotechnic.be\/index.php\/wp-json\/wp\/v2\/pages"}],"about":[{"href":"https:\/\/dmotechnic.be\/index.php\/wp-json\/wp\/v2\/types\/page"}],"author":[{"embeddable":true,"href":"https:\/\/dmotechnic.be\/index.php\/wp-json\/wp\/v2\/users\/1"}],"replies":[{"embeddable":true,"href":"https:\/\/dmotechnic.be\/index.php\/wp-json\/wp\/v2\/comments?post=539"}],"version-history":[{"count":2,"href":"https:\/\/dmotechnic.be\/index.php\/wp-json\/wp\/v2\/pages\/539\/revisions"}],"predecessor-version":[{"id":542,"href":"https:\/\/dmotechnic.be\/index.php\/wp-json\/wp\/v2\/pages\/539\/revisions\/542"}],"wp:attachment":[{"href":"https:\/\/dmotechnic.be\/index.php\/wp-json\/wp\/v2\/media?parent=539"}],"curies":[{"name":"wp","href":"https:\/\/api.w.org\/{rel}","templated":true}]}}