{"id":559,"date":"2021-09-06T14:50:48","date_gmt":"2021-09-06T12:50:48","guid":{"rendered":"http:\/\/dmotechnic.be\/?page_id=559"},"modified":"2021-09-06T14:50:48","modified_gmt":"2021-09-06T12:50:48","slug":"produit-canon","status":"publish","type":"page","link":"https:\/\/dmotechnic.be\/index.php\/produit-canon\/","title":{"rendered":"Produit Canon"},"content":{"rendered":"\n<p><img loading=\"lazy\" decoding=\"async\" width=\"150\" height=\"31\" class=\"wp-image-476\" style=\"width: 150px;\" src=\"http:\/\/dmotechnic.be\/wp-content\/uploads\/2021\/09\/cropped-Logo-Canon.png\" alt=\"\" srcset=\"https:\/\/dmotechnic.be\/wp-content\/uploads\/2021\/09\/cropped-Logo-Canon.png 1200w, https:\/\/dmotechnic.be\/wp-content\/uploads\/2021\/09\/cropped-Logo-Canon-300x61.png 300w, https:\/\/dmotechnic.be\/wp-content\/uploads\/2021\/09\/cropped-Logo-Canon-1024x208.png 1024w, https:\/\/dmotechnic.be\/wp-content\/uploads\/2021\/09\/cropped-Logo-Canon-768x156.png 768w\" sizes=\"auto, (max-width: 150px) 100vw, 150px\" \/><\/p>\n\n\n\n<p>Canon est leader mondial dans le domaine des technologies num\u00e9riques de l&#8217;image et du document. Fond\u00e9 au Japon en 1937, le groupe emploie plus de 187 000 personnes en Am\u00e9rique du Nord et du Sud, en Europe, au Moyen-Orient et en Afrique ainsi qu&#8217;en Asie et en Oc\u00e9anie.<\/p>\n\n\n\n<p>Les imprimantes Canon sont depuis longtemps implant\u00e9es dans le monde du business mais aussi chez les particuliers et les petites entreprises.<\/p>\n\n\n\n<p>Sa technologie \u00e0 Encre Canon Ink(r) n&#8217;est plus a d\u00e9montrer.<\/p>\n\n\n\n<p>Souhaitez-vous une offre de prix ?<\/p>\n\n\n\n<div class=\"wp-block-buttons is-layout-flex wp-block-buttons-is-layout-flex\">\n<div class=\"wp-block-button\"><a class=\"wp-block-button__link\" href=\"https:\/\/dmotechnic.be\/index.php\/formulaire-de-demande-doffre-de-prix\/\">Offre de prix Canon<\/a><\/div>\n<\/div>\n\n\n\n<p><\/p>\n","protected":false},"excerpt":{"rendered":"<p>Canon est leader mondial dans le domaine des technologies num\u00e9riques de l&#8217;image et du document. Fond\u00e9 au Japon en 1937, le groupe emploie plus de 187 000 personnes en Am\u00e9rique du Nord et du Sud, en Europe, au Moyen-Orient et en Afrique ainsi qu&#8217;en Asie et en Oc\u00e9anie. Les imprimantes Canon sont depuis longtemps implant\u00e9es [&hellip;]<\/p>\n","protected":false},"author":1,"featured_media":0,"parent":0,"menu_order":0,"comment_status":"closed","ping_status":"closed","template":"","meta":{"footnotes":""},"class_list":["post-559","page","type-page","status-publish","hentry"],"_links":{"self":[{"href":"https:\/\/dmotechnic.be\/index.php\/wp-json\/wp\/v2\/pages\/559","targetHints":{"allow":["GET"]}}],"collection":[{"href":"https:\/\/dmotechnic.be\/index.php\/wp-json\/wp\/v2\/pages"}],"about":[{"href":"https:\/\/dmotechnic.be\/index.php\/wp-json\/wp\/v2\/types\/page"}],"author":[{"embeddable":true,"href":"https:\/\/dmotechnic.be\/index.php\/wp-json\/wp\/v2\/users\/1"}],"replies":[{"embeddable":true,"href":"https:\/\/dmotechnic.be\/index.php\/wp-json\/wp\/v2\/comments?post=559"}],"version-history":[{"count":1,"href":"https:\/\/dmotechnic.be\/index.php\/wp-json\/wp\/v2\/pages\/559\/revisions"}],"predecessor-version":[{"id":560,"href":"https:\/\/dmotechnic.be\/index.php\/wp-json\/wp\/v2\/pages\/559\/revisions\/560"}],"wp:attachment":[{"href":"https:\/\/dmotechnic.be\/index.php\/wp-json\/wp\/v2\/media?parent=559"}],"curies":[{"name":"wp","href":"https:\/\/api.w.org\/{rel}","templated":true}]}}