{"id":696,"date":"2021-09-07T08:01:56","date_gmt":"2021-09-07T06:01:56","guid":{"rendered":"http:\/\/dmotechnic.be\/?page_id=696"},"modified":"2021-09-09T07:06:30","modified_gmt":"2021-09-09T05:06:30","slug":"qui-sommes-nous","status":"publish","type":"page","link":"https:\/\/dmotechnic.be\/index.php\/qui-sommes-nous\/","title":{"rendered":"Qui sommes-nous"},"content":{"rendered":"\n<p>D.M.O. Technic c&#8217;est avant tout une passion pour le m\u00e9tier de l&#8217;informatique bureautique. <\/p>\n\n\n\n<p>Nous sommes une petite \u00e9quipe souple, rapide et efficace qui prend en charge les besoins des clients selon leurs contraintes.<\/p>\n\n\n\n<p>Nous sommes situ\u00e9 \u00e0 Seneffe, et nous sommes au support des utilisateurs dans leur m\u00e9tier afin de leur facilit\u00e9 la gestion quotidienne de la vie de tous les jours.<\/p>\n\n\n\n<p>Nous focalisons notre activit\u00e9 sur des comptes clients de petite taille tels qu&#8217;un particulier, un ind\u00e9pendant, un petit entrepreneur, ou toute autre petite structure.<\/p>\n\n\n\n<p>Nous intervenons les soirs, les WE et les jours f\u00e9ri\u00e9s aussi.<\/p>\n\n\n\n<p>Si vous rencontrez un besoin, n&#8217;h\u00e9sitez pas \u00e0 nous contacter par t\u00e9l\u00e9phone, mail ou via notre formulaire en ligne.<\/p>\n\n\n\n<div class=\"wp-block-buttons is-layout-flex wp-block-buttons-is-layout-flex\">\n<div class=\"wp-block-button\"><a class=\"wp-block-button__link\" href=\"https:\/\/dmotechnic.be\/index.php\/formulaire-de-demande\/\" target=\"_blank\" rel=\"noreferrer noopener\">Contactez-nous<\/a><\/div>\n<\/div>\n","protected":false},"excerpt":{"rendered":"<p>D.M.O. Technic c&#8217;est avant tout une passion pour le m\u00e9tier de l&#8217;informatique bureautique. Nous sommes une petite \u00e9quipe souple, rapide et efficace qui prend en charge les besoins des clients selon leurs contraintes. Nous sommes situ\u00e9 \u00e0 Seneffe, et nous sommes au support des utilisateurs dans leur m\u00e9tier afin de leur facilit\u00e9 la gestion quotidienne [&hellip;]<\/p>\n","protected":false},"author":1,"featured_media":0,"parent":0,"menu_order":0,"comment_status":"closed","ping_status":"closed","template":"","meta":{"footnotes":""},"class_list":["post-696","page","type-page","status-publish","hentry"],"_links":{"self":[{"href":"https:\/\/dmotechnic.be\/index.php\/wp-json\/wp\/v2\/pages\/696","targetHints":{"allow":["GET"]}}],"collection":[{"href":"https:\/\/dmotechnic.be\/index.php\/wp-json\/wp\/v2\/pages"}],"about":[{"href":"https:\/\/dmotechnic.be\/index.php\/wp-json\/wp\/v2\/types\/page"}],"author":[{"embeddable":true,"href":"https:\/\/dmotechnic.be\/index.php\/wp-json\/wp\/v2\/users\/1"}],"replies":[{"embeddable":true,"href":"https:\/\/dmotechnic.be\/index.php\/wp-json\/wp\/v2\/comments?post=696"}],"version-history":[{"count":3,"href":"https:\/\/dmotechnic.be\/index.php\/wp-json\/wp\/v2\/pages\/696\/revisions"}],"predecessor-version":[{"id":777,"href":"https:\/\/dmotechnic.be\/index.php\/wp-json\/wp\/v2\/pages\/696\/revisions\/777"}],"wp:attachment":[{"href":"https:\/\/dmotechnic.be\/index.php\/wp-json\/wp\/v2\/media?parent=696"}],"curies":[{"name":"wp","href":"https:\/\/api.w.org\/{rel}","templated":true}]}}